{"id":1606,"date":"2020-09-23T10:03:17","date_gmt":"2020-09-23T08:03:17","guid":{"rendered":"https:\/\/juergenkroder.com\/journalismus\/?page_id=1606"},"modified":"2026-01-29T19:17:18","modified_gmt":"2026-01-29T18:17:18","slug":"kostenloses-whitepaper-firmenblogs","status":"publish","type":"page","link":"https:\/\/juergenkroder.com\/journalismus\/kostenloses-whitepaper-firmenblogs\/","title":{"rendered":"Whitepaper: Firmenblogs &#8211; Grundlage, Strategie &#038; Umsetzung"},"content":{"rendered":"<p>Wie setzt man einen Firmenblog um? Was ist alles zu bedenken? Mein kostenloses Whitepaper erkl\u00e4rt die Grundlagen und gibt wichtige Tipps zur Strategie und Umsetzung.<\/p>\n<p><!--more--><\/p>\n<p><a href=\"https:\/\/juergenkroder.com\/journalismus\/wp-content\/uploads\/2020\/10\/whitepaper-firmenblogs-juergen_kroder.pdf\" target=\"_blank\" rel=\"noopener noreferrer\"><img loading=\"lazy\" decoding=\"async\" class=\"aligncenter wp-image-1617\" src=\"https:\/\/juergenkroder.com\/journalismus\/wp-content\/uploads\/2020\/09\/download-buttonx.png\" alt=\"\" width=\"400\" height=\"69\" srcset=\"https:\/\/juergenkroder.com\/journalismus\/wp-content\/uploads\/2020\/09\/download-buttonx.png 452w, https:\/\/juergenkroder.com\/journalismus\/wp-content\/uploads\/2020\/09\/download-buttonx-300x52.png 300w\" sizes=\"auto, (max-width: 400px) 100vw, 400px\" \/><\/a><\/p>\n<h2><strong><a href=\"http:\/\/bit.ly\/whitepaper-firmenblogs-pdf\" target=\"_blank\" rel=\"noopener noreferrer\"><img loading=\"lazy\" decoding=\"async\" class=\"alignright wp-image-1611 size-full\" src=\"https:\/\/juergenkroder.com\/journalismus\/wp-content\/uploads\/2020\/09\/3d-cover-kl_tr.png\" alt=\"\" width=\"400\" height=\"382\" srcset=\"https:\/\/juergenkroder.com\/journalismus\/wp-content\/uploads\/2020\/09\/3d-cover-kl_tr.png 400w, https:\/\/juergenkroder.com\/journalismus\/wp-content\/uploads\/2020\/09\/3d-cover-kl_tr-300x287.png 300w\" sizes=\"auto, (max-width: 400px) 100vw, 400px\" \/><\/a><\/strong>Inhalt des Whitepapers<\/h2>\n<ul>\n<li><strong>Was bringt ein Firmenblog? Ben\u00f6tigt dein Unternehmen das auch? Was hat das mit Marketing zu tun?<\/strong><\/li>\n<li><strong>Braucht ein Blog eine Strategie? Welche Ziele sollte er verfolgen? Wie misst du den Erfolg?<\/strong><\/li>\n<li><strong>Wie setzt du einen Firmenblog um? Wie viel Zeit und Geld musst du reinstecken?<\/strong><\/li>\n<li><strong>Wie erh\u00e4ltst du gute Blogbeitr\u00e4ge? Was ist bei der Qualit\u00e4t zu beachten? <\/strong><\/li>\n<li><strong>Wie wird ein Firmenblog bekannt? Wie wird er erfolgreich?<\/strong><\/li>\n<\/ul>\n<p>Diese und weitere Fragen beantwortet dieses Whitepaper. Und es gibt es n\u00fctzliche Tipps &amp; Tricks f\u00fcr die Planung und Umsetzung deines Firmenblogs.<\/p>\n<p>Das 25-seitige Whitepaper im PDF-Format kannst du hier direkt herunterladen, komplett kostenlos und ohne Angabe deiner Daten. Viel Spa\u00df beim Lesen und viel Erfolg bei der Umsetzung!<\/p>\n<p><a href=\"https:\/\/juergenkroder.com\/journalismus\/wp-content\/uploads\/2020\/10\/whitepaper-firmenblogs-juergen_kroder.pdf\" target=\"_blank\" rel=\"noopener noreferrer\"><img loading=\"lazy\" decoding=\"async\" class=\"aligncenter wp-image-1617\" src=\"https:\/\/juergenkroder.com\/journalismus\/wp-content\/uploads\/2020\/09\/download-buttonx.png\" alt=\"\" width=\"400\" height=\"69\" srcset=\"https:\/\/juergenkroder.com\/journalismus\/wp-content\/uploads\/2020\/09\/download-buttonx.png 452w, https:\/\/juergenkroder.com\/journalismus\/wp-content\/uploads\/2020\/09\/download-buttonx-300x52.png 300w\" sizes=\"auto, (max-width: 400px) 100vw, 400px\" \/><\/a><\/p>\n<p><em>PS: Ben\u00f6tigst du Unterst\u00fctzung bei der Blog-Umsetzung, bei deiner vorgelagerten Content-Marketing-Strategie oder beim Verfassen der Beitr\u00e4ge? Ich stehe dir gerne zur Seite. Kontaktiere mich einfach unter:<\/em><\/p>\n<p><em>J\u00fcrgen Kroder<\/em><br \/>\n<em>\u00a0+49 178 533 79 36<\/em><br \/>\n<em>juergenkroder[at]mail[dot]de<\/em><\/p>\n<p><em><a href=\"https:\/\/juergenkroder.com\/journalismus\/kontakt\/\" target=\"_blank\" rel=\"noopener noreferrer\">Kontaktformular<\/a><\/em><\/p>\n<p><em>PPS: M\u00f6chtest du das Whitepaper in den H\u00e4nden halten? Gerne lasse ich dir eine professionell gedruckte Fassung zukommen &#8211; selbstverst\u00e4ndlich kostenlos. Melde dich ganz unverbindlich \u00fcber die oben genannten Kontaktm\u00f6glichkeiten bei mir.<\/em><\/p>\n<h2><span id=\"Was_bietet_das_Firmenblog-Whitepaper\">Was bietet das Firmenblog-Whitepaper?<\/span><\/h2>\n<p>Ich erkl\u00e4re dir die Geschichte des Bloggens und zeige die Wichtigkeit eines Firmenblogs auf. Zudem gebe ich dir wichtige Tipps f\u00fcr die Strategie und Ausrichtung. Und nat\u00fcrlich gibt\u2019s auch Ratschl\u00e4ge zur Umsetzung, der Qualit\u00e4tssicherung und zur Steigerung der Bekanntheit.<\/p>\n<p>Selbstverst\u00e4ndlich ist das Whitepaper kostenlos. Und es gibt auch kein Gate, bei dem ihr eure Kontaktdaten angeben m\u00fcsst. Stattdessen gilt: Einfach auf den Button hier dr\u00fccken, und der Download des PDFs startet in deinem Browser.<\/p>\n<p>&nbsp;<\/p>\n<p><a href=\"http:\/\/bit.ly\/whitepaper-firmenblogs-new\" target=\"_blank\" rel=\"noopener noreferrer\"><img loading=\"lazy\" decoding=\"async\" class=\"aligncenter wp-image-1617\" src=\"https:\/\/juergenkroder.com\/journalismus\/wp-content\/uploads\/2020\/09\/download-buttonx.png\" alt=\"\" width=\"400\" height=\"69\" srcset=\"https:\/\/juergenkroder.com\/journalismus\/wp-content\/uploads\/2020\/09\/download-buttonx.png 452w, https:\/\/juergenkroder.com\/journalismus\/wp-content\/uploads\/2020\/09\/download-buttonx-300x52.png 300w\" sizes=\"auto, (max-width: 400px) 100vw, 400px\" \/><\/a><\/p>\n<p>&nbsp;<\/p>\n","protected":false},"excerpt":{"rendered":"<p>Wie setzt man einen Firmenblog um? Was ist alles zu bedenken? Mein kostenloses Whitepaper erkl\u00e4rt die Grundlagen und gibt wichtige Tipps zur Strategie und Umsetzung.<\/p>\n","protected":false},"author":2,"featured_media":0,"parent":0,"menu_order":0,"comment_status":"closed","ping_status":"closed","template":"","meta":{"footnotes":"","_links_to":"","_links_to_target":""},"class_list":["post-1606","page","type-page","status-publish","hentry","no-thumbnail"],"yoast_head":"<!-- This site is optimized with the Yoast SEO plugin v27.5 - https:\/\/yoast.com\/product\/yoast-seo-wordpress\/ -->\n<title>Whitepaper: Firmenblogs - Grundlage, Strategie &amp; Umsetzung - [ J\u00dcRGEN KRODER ]<\/title>\n<meta name=\"description\" content=\"Wie setzt man einen Firmenblog um? Was ist alles zu bedenken? Kostenloses Whitepaper mit Tipps zur Grundlagen, Strategie und Umsetzung!\" \/>\n<meta name=\"robots\" content=\"index, follow, max-snippet:-1, max-image-preview:large, max-video-preview:-1\" \/>\n<link rel=\"canonical\" href=\"https:\/\/juergenkroder.com\/journalismus\/kostenloses-whitepaper-firmenblogs\/\" \/>\n<meta property=\"og:locale\" content=\"de_DE\" \/>\n<meta property=\"og:type\" content=\"article\" \/>\n<meta property=\"og:title\" content=\"Whitepaper: Firmenblogs - Grundlage, Strategie &amp; Umsetzung - [ J\u00dcRGEN KRODER ]\" \/>\n<meta property=\"og:description\" content=\"Wie setzt man einen Firmenblog um? Was ist alles zu bedenken? Kostenloses Whitepaper mit Tipps zur Grundlagen, Strategie und Umsetzung!\" \/>\n<meta property=\"og:url\" content=\"https:\/\/juergenkroder.com\/journalismus\/kostenloses-whitepaper-firmenblogs\/\" \/>\n<meta property=\"og:site_name\" content=\"[ J\u00dcRGEN KRODER ]\" \/>\n<meta property=\"article:modified_time\" content=\"2026-01-29T18:17:18+00:00\" \/>\n<meta property=\"og:image\" content=\"https:\/\/juergenkroder.com\/journalismus\/wp-content\/uploads\/2020\/09\/download-buttonx.png\" \/>\n\t<meta property=\"og:image:width\" content=\"452\" \/>\n\t<meta property=\"og:image:height\" content=\"78\" \/>\n\t<meta property=\"og:image:type\" content=\"image\/png\" \/>\n<meta name=\"twitter:card\" content=\"summary_large_image\" \/>\n<meta name=\"twitter:label1\" content=\"Gesch\u00e4tzte Lesezeit\" \/>\n\t<meta name=\"twitter:data1\" content=\"3\u00a0Minuten\" \/>\n<script type=\"application\/ld+json\" class=\"yoast-schema-graph\">{\"@context\":\"https:\\\/\\\/schema.org\",\"@graph\":[{\"@type\":\"WebPage\",\"@id\":\"https:\\\/\\\/juergenkroder.com\\\/journalismus\\\/kostenloses-whitepaper-firmenblogs\\\/\",\"url\":\"https:\\\/\\\/juergenkroder.com\\\/journalismus\\\/kostenloses-whitepaper-firmenblogs\\\/\",\"name\":\"Whitepaper: Firmenblogs - Grundlage, Strategie & Umsetzung - [ J\u00dcRGEN KRODER ]\",\"isPartOf\":{\"@id\":\"https:\\\/\\\/juergenkroder.com\\\/journalismus\\\/#website\"},\"primaryImageOfPage\":{\"@id\":\"https:\\\/\\\/juergenkroder.com\\\/journalismus\\\/kostenloses-whitepaper-firmenblogs\\\/#primaryimage\"},\"image\":{\"@id\":\"https:\\\/\\\/juergenkroder.com\\\/journalismus\\\/kostenloses-whitepaper-firmenblogs\\\/#primaryimage\"},\"thumbnailUrl\":\"https:\\\/\\\/juergenkroder.com\\\/journalismus\\\/wp-content\\\/uploads\\\/2020\\\/09\\\/download-buttonx.png\",\"datePublished\":\"2020-09-23T08:03:17+00:00\",\"dateModified\":\"2026-01-29T18:17:18+00:00\",\"description\":\"Wie setzt man einen Firmenblog um? Was ist alles zu bedenken? Kostenloses Whitepaper mit Tipps zur Grundlagen, Strategie und Umsetzung!\",\"breadcrumb\":{\"@id\":\"https:\\\/\\\/juergenkroder.com\\\/journalismus\\\/kostenloses-whitepaper-firmenblogs\\\/#breadcrumb\"},\"inLanguage\":\"de\",\"potentialAction\":[{\"@type\":\"ReadAction\",\"target\":[\"https:\\\/\\\/juergenkroder.com\\\/journalismus\\\/kostenloses-whitepaper-firmenblogs\\\/\"]}]},{\"@type\":\"ImageObject\",\"inLanguage\":\"de\",\"@id\":\"https:\\\/\\\/juergenkroder.com\\\/journalismus\\\/kostenloses-whitepaper-firmenblogs\\\/#primaryimage\",\"url\":\"https:\\\/\\\/juergenkroder.com\\\/journalismus\\\/wp-content\\\/uploads\\\/2020\\\/09\\\/download-buttonx.png\",\"contentUrl\":\"https:\\\/\\\/juergenkroder.com\\\/journalismus\\\/wp-content\\\/uploads\\\/2020\\\/09\\\/download-buttonx.png\",\"width\":452,\"height\":78},{\"@type\":\"BreadcrumbList\",\"@id\":\"https:\\\/\\\/juergenkroder.com\\\/journalismus\\\/kostenloses-whitepaper-firmenblogs\\\/#breadcrumb\",\"itemListElement\":[{\"@type\":\"ListItem\",\"position\":1,\"name\":\"Startseite\",\"item\":\"https:\\\/\\\/juergenkroder.com\\\/journalismus\\\/\"},{\"@type\":\"ListItem\",\"position\":2,\"name\":\"Whitepaper: Firmenblogs &#8211; Grundlage, Strategie &#038; Umsetzung\"}]},{\"@type\":\"WebSite\",\"@id\":\"https:\\\/\\\/juergenkroder.com\\\/journalismus\\\/#website\",\"url\":\"https:\\\/\\\/juergenkroder.com\\\/journalismus\\\/\",\"name\":\"[ J\u00dcRGEN KRODER ]\",\"description\":\"Ihr Texter, Fachautor &amp; Journalist f\u00fcr Digitalisierung, IT, KI, Tech, Start-ups und Marketing\",\"potentialAction\":[{\"@type\":\"SearchAction\",\"target\":{\"@type\":\"EntryPoint\",\"urlTemplate\":\"https:\\\/\\\/juergenkroder.com\\\/journalismus\\\/?s={search_term_string}\"},\"query-input\":{\"@type\":\"PropertyValueSpecification\",\"valueRequired\":true,\"valueName\":\"search_term_string\"}}],\"inLanguage\":\"de\"}]}<\/script>\n<!-- \/ Yoast SEO plugin. -->","yoast_head_json":{"title":"Whitepaper: Firmenblogs - Grundlage, Strategie & Umsetzung - [ J\u00dcRGEN KRODER ]","description":"Wie setzt man einen Firmenblog um? Was ist alles zu bedenken? Kostenloses Whitepaper mit Tipps zur Grundlagen, Strategie und Umsetzung!","robots":{"index":"index","follow":"follow","max-snippet":"max-snippet:-1","max-image-preview":"max-image-preview:large","max-video-preview":"max-video-preview:-1"},"canonical":"https:\/\/juergenkroder.com\/journalismus\/kostenloses-whitepaper-firmenblogs\/","og_locale":"de_DE","og_type":"article","og_title":"Whitepaper: Firmenblogs - Grundlage, Strategie & Umsetzung - [ J\u00dcRGEN KRODER ]","og_description":"Wie setzt man einen Firmenblog um? Was ist alles zu bedenken? Kostenloses Whitepaper mit Tipps zur Grundlagen, Strategie und Umsetzung!","og_url":"https:\/\/juergenkroder.com\/journalismus\/kostenloses-whitepaper-firmenblogs\/","og_site_name":"[ J\u00dcRGEN KRODER ]","article_modified_time":"2026-01-29T18:17:18+00:00","og_image":[{"width":452,"height":78,"url":"https:\/\/juergenkroder.com\/journalismus\/wp-content\/uploads\/2020\/09\/download-buttonx.png","type":"image\/png"}],"twitter_card":"summary_large_image","twitter_misc":{"Gesch\u00e4tzte Lesezeit":"3\u00a0Minuten"},"schema":{"@context":"https:\/\/schema.org","@graph":[{"@type":"WebPage","@id":"https:\/\/juergenkroder.com\/journalismus\/kostenloses-whitepaper-firmenblogs\/","url":"https:\/\/juergenkroder.com\/journalismus\/kostenloses-whitepaper-firmenblogs\/","name":"Whitepaper: Firmenblogs - Grundlage, Strategie & Umsetzung - [ J\u00dcRGEN KRODER ]","isPartOf":{"@id":"https:\/\/juergenkroder.com\/journalismus\/#website"},"primaryImageOfPage":{"@id":"https:\/\/juergenkroder.com\/journalismus\/kostenloses-whitepaper-firmenblogs\/#primaryimage"},"image":{"@id":"https:\/\/juergenkroder.com\/journalismus\/kostenloses-whitepaper-firmenblogs\/#primaryimage"},"thumbnailUrl":"https:\/\/juergenkroder.com\/journalismus\/wp-content\/uploads\/2020\/09\/download-buttonx.png","datePublished":"2020-09-23T08:03:17+00:00","dateModified":"2026-01-29T18:17:18+00:00","description":"Wie setzt man einen Firmenblog um? Was ist alles zu bedenken? Kostenloses Whitepaper mit Tipps zur Grundlagen, Strategie und Umsetzung!","breadcrumb":{"@id":"https:\/\/juergenkroder.com\/journalismus\/kostenloses-whitepaper-firmenblogs\/#breadcrumb"},"inLanguage":"de","potentialAction":[{"@type":"ReadAction","target":["https:\/\/juergenkroder.com\/journalismus\/kostenloses-whitepaper-firmenblogs\/"]}]},{"@type":"ImageObject","inLanguage":"de","@id":"https:\/\/juergenkroder.com\/journalismus\/kostenloses-whitepaper-firmenblogs\/#primaryimage","url":"https:\/\/juergenkroder.com\/journalismus\/wp-content\/uploads\/2020\/09\/download-buttonx.png","contentUrl":"https:\/\/juergenkroder.com\/journalismus\/wp-content\/uploads\/2020\/09\/download-buttonx.png","width":452,"height":78},{"@type":"BreadcrumbList","@id":"https:\/\/juergenkroder.com\/journalismus\/kostenloses-whitepaper-firmenblogs\/#breadcrumb","itemListElement":[{"@type":"ListItem","position":1,"name":"Startseite","item":"https:\/\/juergenkroder.com\/journalismus\/"},{"@type":"ListItem","position":2,"name":"Whitepaper: Firmenblogs &#8211; Grundlage, Strategie &#038; Umsetzung"}]},{"@type":"WebSite","@id":"https:\/\/juergenkroder.com\/journalismus\/#website","url":"https:\/\/juergenkroder.com\/journalismus\/","name":"[ J\u00dcRGEN KRODER ]","description":"Ihr Texter, Fachautor &amp; Journalist f\u00fcr Digitalisierung, IT, KI, Tech, Start-ups und Marketing","potentialAction":[{"@type":"SearchAction","target":{"@type":"EntryPoint","urlTemplate":"https:\/\/juergenkroder.com\/journalismus\/?s={search_term_string}"},"query-input":{"@type":"PropertyValueSpecification","valueRequired":true,"valueName":"search_term_string"}}],"inLanguage":"de"}]}},"jetpack_shortlink":"https:\/\/wp.me\/PcqtTx-pU","jetpack-related-posts":[{"id":1941,"url":"https:\/\/juergenkroder.com\/journalismus\/kostenlose-downloads\/","url_meta":{"origin":1606,"position":0},"title":"Kostenlose Downloads","author":"J\u00fcrgen Kroder","date":"23. November 2020","format":false,"excerpt":"Gratis-Inhalte von mir, die jeder gerne herunterladen, nutzen und weiterverbreiten darf: > Vorlage: Briefing f\u00fcr Texter > eBook: Onlinemarketing f\u00fcr StartUps - Leseprobe > Whitepaper: Firmenblogs - Grundlage, Strategie & Umsetzung Weitere kostenlose Inhalte: > JK-Blog: Marketing, Digitalisierung & Unternehmertum > StartUpWissen Podcast: Interviews mit Entrepreneuren \u00a0","rel":"","context":"\u00c4hnlicher Beitrag","block_context":{"text":"\u00c4hnlicher Beitrag","link":""},"img":{"alt_text":"","src":"","width":0,"height":0},"classes":[]},{"id":1931,"url":"https:\/\/juergenkroder.com\/journalismus\/gastauftritte\/","url_meta":{"origin":1606,"position":1},"title":"Gastauftritte","author":"J\u00fcrgen Kroder","date":"22. November 2020","format":false,"excerpt":"\u00a0 [[ ChatGPT Shopping \/ AI Commerce\u00a0]] [[ KI-Trends 2026 f\u00fcr Unternehmer ]] [[ Marketing als Digitalisierungstreiber ]] [[ ChatGPT in Einzelhandel & Gewerbe ]] [[ Innovative Leistungen kommunizieren ]] [[ Online Vortrag: Wie funktioniert SEO? ]] [[ Jeder Strategien f\u00fcr Unternehmer\u00a0]] [[ Digitale Transformation \u00fcber Marketing ]] [[ Low-Budget-Marketing:\u2026","rel":"","context":"\u00c4hnlicher Beitrag","block_context":{"text":"\u00c4hnlicher Beitrag","link":""},"img":{"alt_text":"","src":"https:\/\/i0.wp.com\/juergenkroder.com\/journalismus\/wp-content\/uploads\/2023\/04\/Logo_1.png?resize=350%2C200&ssl=1","width":350,"height":200,"srcset":"https:\/\/i0.wp.com\/juergenkroder.com\/journalismus\/wp-content\/uploads\/2023\/04\/Logo_1.png?resize=350%2C200&ssl=1 1x, https:\/\/i0.wp.com\/juergenkroder.com\/journalismus\/wp-content\/uploads\/2023\/04\/Logo_1.png?resize=525%2C300&ssl=1 1.5x"},"classes":[]},{"id":130,"url":"https:\/\/juergenkroder.com\/journalismus\/","url_meta":{"origin":1606,"position":2},"title":"Ich liebe KI. Ich liebe Marketing. Ich liebe StartUps.","author":"J\u00fcrgen Kroder","date":"25. Juni 2019","format":false,"excerpt":"SEO, GEO, KI, ML, NIS2, ISO27001 ... die Digitalisierung schreitet mit gro\u00dfen Schritten voran. Die Liste der Fachbegriffe wird t\u00e4glich l\u00e4nger. Aber verstehen die Menschen \u00fcberhaupt, worum es geht? Meine Profession als selbstst\u00e4ndiger und freier Fachautor \/ Texter \/ Ghostwriter \/ Journalist und Content-Marketing-Experte ist es, die modernen Schlagworte verst\u00e4ndlich\u2026","rel":"","context":"\u00c4hnlicher Beitrag","block_context":{"text":"\u00c4hnlicher Beitrag","link":""},"img":{"alt_text":"J\u00fcrgen Kroder - Fachautor, Texter, Content Marketing Experte, Ghostwriter, Buchautor, Journalist (Bild: Julia Essl)","src":"https:\/\/i0.wp.com\/juergenkroder.com\/journalismus\/wp-content\/uploads\/2022\/05\/juergen-kroder-profilfoto-1-e1652819412944.jpg?resize=350%2C200&ssl=1","width":350,"height":200,"srcset":"https:\/\/i0.wp.com\/juergenkroder.com\/journalismus\/wp-content\/uploads\/2022\/05\/juergen-kroder-profilfoto-1-e1652819412944.jpg?resize=350%2C200&ssl=1 1x, https:\/\/i0.wp.com\/juergenkroder.com\/journalismus\/wp-content\/uploads\/2022\/05\/juergen-kroder-profilfoto-1-e1652819412944.jpg?resize=525%2C300&ssl=1 1.5x, https:\/\/i0.wp.com\/juergenkroder.com\/journalismus\/wp-content\/uploads\/2022\/05\/juergen-kroder-profilfoto-1-e1652819412944.jpg?resize=700%2C400&ssl=1 2x"},"classes":[]},{"id":1075,"url":"https:\/\/juergenkroder.com\/journalismus\/ueber-mich\/","url_meta":{"origin":1606,"position":3},"title":"J\u00fcrgen Kroder: \u00dcber mich","author":"J\u00fcrgen Kroder","date":"12. Mai 2020","format":false,"excerpt":"Ich liebe Digitalisierung, K\u00fcnstliche Intelligenz, StartUps und Marketing! Deshalb unterst\u00fctze ich als Content-Marketing-Strategie-Berater Selbstst\u00e4ndige und Mittelst\u00e4ndler und betreibe die Seite StartUpWissen.biz. Zudem bin ich unter dem K\u00fcnstlernamen \"KI-K\u00e4nguru\" als KI-Dozent und KI-Redner t\u00e4tig. Erg\u00e4nzend schreibe ich als freier Fachautor f\u00fcr Unternehmen und bekannte Publikationen \u00fcber aktuelle IT-Themen. Weitere Facts \u00fcber\u2026","rel":"","context":"\u00c4hnlicher Beitrag","block_context":{"text":"\u00c4hnlicher Beitrag","link":""},"img":{"alt_text":"","src":"https:\/\/i0.wp.com\/juergenkroder.com\/journalismus\/wp-content\/uploads\/2024\/07\/jk-kundenlogos-2024.png?resize=350%2C200&ssl=1","width":350,"height":200,"srcset":"https:\/\/i0.wp.com\/juergenkroder.com\/journalismus\/wp-content\/uploads\/2024\/07\/jk-kundenlogos-2024.png?resize=350%2C200&ssl=1 1x, https:\/\/i0.wp.com\/juergenkroder.com\/journalismus\/wp-content\/uploads\/2024\/07\/jk-kundenlogos-2024.png?resize=525%2C300&ssl=1 1.5x, https:\/\/i0.wp.com\/juergenkroder.com\/journalismus\/wp-content\/uploads\/2024\/07\/jk-kundenlogos-2024.png?resize=700%2C400&ssl=1 2x"},"classes":[]},{"id":1479,"url":"https:\/\/juergenkroder.com\/journalismus\/datenschutzerklaerung\/","url_meta":{"origin":1606,"position":4},"title":"Datenschutzerkl\u00e4rung","author":"J\u00fcrgen Kroder","date":"15. August 2020","format":false,"excerpt":"1. Datenschutz auf einen Blick Allgemeine Hinweise Die folgenden Hinweise geben einen einfachen \u00dcberblick dar\u00fcber, was mit Ihren personenbezogenen Daten passiert, wenn Sie diese Website besuchen. Personenbezogene Daten sind alle Daten, mit denen Sie pers\u00f6nlich identifiziert werden k\u00f6nnen. Ausf\u00fchrliche Informationen zum Thema Datenschutz entnehmen Sie unserer unter diesem Text aufgef\u00fchrten\u2026","rel":"","context":"\u00c4hnlicher Beitrag","block_context":{"text":"\u00c4hnlicher Beitrag","link":""},"img":{"alt_text":"","src":"","width":0,"height":0},"classes":[]}],"jetpack_sharing_enabled":true,"_links":{"self":[{"href":"https:\/\/juergenkroder.com\/journalismus\/wp-json\/wp\/v2\/pages\/1606","targetHints":{"allow":["GET"]}}],"collection":[{"href":"https:\/\/juergenkroder.com\/journalismus\/wp-json\/wp\/v2\/pages"}],"about":[{"href":"https:\/\/juergenkroder.com\/journalismus\/wp-json\/wp\/v2\/types\/page"}],"author":[{"embeddable":true,"href":"https:\/\/juergenkroder.com\/journalismus\/wp-json\/wp\/v2\/users\/2"}],"replies":[{"embeddable":true,"href":"https:\/\/juergenkroder.com\/journalismus\/wp-json\/wp\/v2\/comments?post=1606"}],"version-history":[{"count":22,"href":"https:\/\/juergenkroder.com\/journalismus\/wp-json\/wp\/v2\/pages\/1606\/revisions"}],"predecessor-version":[{"id":6805,"href":"https:\/\/juergenkroder.com\/journalismus\/wp-json\/wp\/v2\/pages\/1606\/revisions\/6805"}],"wp:attachment":[{"href":"https:\/\/juergenkroder.com\/journalismus\/wp-json\/wp\/v2\/media?parent=1606"}],"curies":[{"name":"wp","href":"https:\/\/api.w.org\/{rel}","templated":true}]}}