{"id":183,"date":"2019-07-04T08:24:14","date_gmt":"2019-07-04T06:24:14","guid":{"rendered":"http:\/\/juergenkroder.com\/journalismus\/?page_id=183"},"modified":"2022-07-07T14:33:37","modified_gmt":"2022-07-07T12:33:37","slug":"kontakt","status":"publish","type":"page","link":"https:\/\/juergenkroder.com\/journalismus\/kontakt\/","title":{"rendered":"Kontakt"},"content":{"rendered":"<p>Haben Sie Interesse an meinen Leistungen als Fachautor f\u00fcr Digitalisierung, E-Commerce, Marketing und Start-ups? Kontaktieren Sie mich!<\/p>\n<p>Schreiben Sie mir eine Nachricht \u00fcber WhatsApp &#8230;<\/p>\n<p style=\"text-align: center;\">\n\n<a href='https:\/\/web.whatsapp.com\/send?phone=491785337936&text=Hallo J\u00fcrgen! Ich habe da eine Frage...' target='_blank'><img decoding=\"async\" src=\"https:\/\/juergenkroder.com\/journalismus\/wp-content\/plugins\/quick-whatsapp\/images\/whatsapp-chat.jpg\" > <\/a>  \n\n<\/p>\n<p>&#8230;\u00a0 oder kontaktieren Sie mich \u00fcber dieses Formular:<\/p>\n\n<div class=\"wpcf7 no-js\" id=\"wpcf7-f46-o1\" lang=\"de-DE\" dir=\"ltr\" data-wpcf7-id=\"46\">\n<div class=\"screen-reader-response\"><p role=\"status\" aria-live=\"polite\" aria-atomic=\"true\"><\/p> <ul><\/ul><\/div>\n<form action=\"\/journalismus\/wp-json\/wp\/v2\/pages\/183#wpcf7-f46-o1\" method=\"post\" class=\"wpcf7-form init\" aria-label=\"Kontaktformular\" novalidate=\"novalidate\" data-status=\"init\">\n<fieldset class=\"hidden-fields-container\"><input type=\"hidden\" name=\"_wpcf7\" value=\"46\" \/><input type=\"hidden\" name=\"_wpcf7_version\" value=\"6.1.5\" \/><input type=\"hidden\" name=\"_wpcf7_locale\" value=\"de_DE\" \/><input type=\"hidden\" name=\"_wpcf7_unit_tag\" value=\"wpcf7-f46-o1\" \/><input type=\"hidden\" name=\"_wpcf7_container_post\" value=\"0\" \/><input type=\"hidden\" name=\"_wpcf7_posted_data_hash\" value=\"\" \/>\n<\/fieldset>\n<p><label> Ihr Name (Pflichtfeld)<br \/>\n<span class=\"wpcf7-form-control-wrap\" data-name=\"your-name\"><input size=\"40\" maxlength=\"400\" class=\"wpcf7-form-control wpcf7-text wpcf7-validates-as-required\" aria-required=\"true\" aria-invalid=\"false\" value=\"\" type=\"text\" name=\"your-name\" \/><\/span> <\/label>\n<\/p>\n<p><label> Ihre E-Mail-Adresse (Pflichtfeld)<br \/>\n<span class=\"wpcf7-form-control-wrap\" data-name=\"your-email\"><input size=\"40\" maxlength=\"400\" class=\"wpcf7-form-control wpcf7-email wpcf7-validates-as-required wpcf7-text wpcf7-validates-as-email\" aria-required=\"true\" aria-invalid=\"false\" value=\"\" type=\"email\" name=\"your-email\" \/><\/span> <\/label>\n<\/p>\n<p><label> Ihre Nachricht<br \/>\n<span class=\"wpcf7-form-control-wrap\" data-name=\"your-message\"><textarea cols=\"40\" rows=\"10\" maxlength=\"2000\" class=\"wpcf7-form-control wpcf7-textarea\" aria-invalid=\"false\" name=\"your-message\"><\/textarea><\/span> <\/label>\n<\/p>\n<p><input class=\"wpcf7-form-control wpcf7-submit has-spinner\" type=\"submit\" value=\"Senden\" \/>\n<\/p><div class=\"wpcf7-response-output\" aria-hidden=\"true\"><\/div>\n<\/form>\n<\/div>\n\n<hr \/>\n<p><em>J\u00fcrgen Kroder <\/em><br \/>\n<em>Telefon: +49 178 533 79 36<\/em><br \/>\n<em>juergenkroder[at]mail[dot]de<\/em><\/p>\n","protected":false},"excerpt":{"rendered":"<p>Haben Sie Interesse an meinen Leistungen als Fachautor f\u00fcr Digitalisierung, E-Commerce, Marketing und Start-ups? Kontaktieren Sie mich! Schreiben Sie mir eine Nachricht \u00fcber WhatsApp &#8230; &#8230;\u00a0 oder kontaktieren Sie mich \u00fcber dieses Formular: J\u00fcrgen Kroder Telefon: +49 178 533 79 36 juergenkroder[at]mail[dot]de<\/p>\n","protected":false},"author":1,"featured_media":0,"parent":0,"menu_order":0,"comment_status":"closed","ping_status":"closed","template":"","meta":{"footnotes":"","_links_to":"","_links_to_target":""},"class_list":["post-183","page","type-page","status-publish","hentry","no-thumbnail"],"yoast_head":"<!-- This site is optimized with the Yoast SEO plugin v27.4 - https:\/\/yoast.com\/product\/yoast-seo-wordpress\/ -->\n<title>Kontakt - [ J\u00dcRGEN KRODER ]<\/title>\n<meta name=\"robots\" content=\"index, follow, max-snippet:-1, max-image-preview:large, max-video-preview:-1\" \/>\n<link rel=\"canonical\" href=\"https:\/\/juergenkroder.com\/journalismus\/kontakt\/\" \/>\n<meta property=\"og:locale\" content=\"de_DE\" \/>\n<meta property=\"og:type\" content=\"article\" \/>\n<meta property=\"og:title\" content=\"Kontakt - [ J\u00dcRGEN KRODER ]\" \/>\n<meta property=\"og:description\" content=\"Haben Sie Interesse an meinen Leistungen als Fachautor f\u00fcr Digitalisierung, E-Commerce, Marketing und Start-ups? Kontaktieren Sie mich! Schreiben Sie mir eine Nachricht \u00fcber WhatsApp &#8230; &#8230;\u00a0 oder kontaktieren Sie mich \u00fcber dieses Formular: J\u00fcrgen Kroder Telefon: +49 178 533 79 36 juergenkroder[at]mail[dot]de\" \/>\n<meta property=\"og:url\" content=\"https:\/\/juergenkroder.com\/journalismus\/kontakt\/\" \/>\n<meta property=\"og:site_name\" content=\"[ J\u00dcRGEN KRODER ]\" \/>\n<meta property=\"article:modified_time\" content=\"2022-07-07T12:33:37+00:00\" \/>\n<meta name=\"twitter:card\" content=\"summary_large_image\" \/>\n<meta name=\"twitter:label1\" content=\"Gesch\u00e4tzte Lesezeit\" \/>\n\t<meta name=\"twitter:data1\" content=\"1\u00a0Minute\" \/>\n<script type=\"application\/ld+json\" class=\"yoast-schema-graph\">{\"@context\":\"https:\\\/\\\/schema.org\",\"@graph\":[{\"@type\":\"WebPage\",\"@id\":\"https:\\\/\\\/juergenkroder.com\\\/journalismus\\\/kontakt\\\/\",\"url\":\"https:\\\/\\\/juergenkroder.com\\\/journalismus\\\/kontakt\\\/\",\"name\":\"Kontakt - [ J\u00dcRGEN KRODER ]\",\"isPartOf\":{\"@id\":\"https:\\\/\\\/juergenkroder.com\\\/journalismus\\\/#website\"},\"datePublished\":\"2019-07-04T06:24:14+00:00\",\"dateModified\":\"2022-07-07T12:33:37+00:00\",\"breadcrumb\":{\"@id\":\"https:\\\/\\\/juergenkroder.com\\\/journalismus\\\/kontakt\\\/#breadcrumb\"},\"inLanguage\":\"de\",\"potentialAction\":[{\"@type\":\"ReadAction\",\"target\":[\"https:\\\/\\\/juergenkroder.com\\\/journalismus\\\/kontakt\\\/\"]}]},{\"@type\":\"BreadcrumbList\",\"@id\":\"https:\\\/\\\/juergenkroder.com\\\/journalismus\\\/kontakt\\\/#breadcrumb\",\"itemListElement\":[{\"@type\":\"ListItem\",\"position\":1,\"name\":\"Startseite\",\"item\":\"https:\\\/\\\/juergenkroder.com\\\/journalismus\\\/\"},{\"@type\":\"ListItem\",\"position\":2,\"name\":\"Kontakt\"}]},{\"@type\":\"WebSite\",\"@id\":\"https:\\\/\\\/juergenkroder.com\\\/journalismus\\\/#website\",\"url\":\"https:\\\/\\\/juergenkroder.com\\\/journalismus\\\/\",\"name\":\"[ J\u00dcRGEN KRODER ]\",\"description\":\"Ihr Texter, Fachautor &amp; Journalist f\u00fcr Digitalisierung, IT, KI, Tech, Start-ups und Marketing\",\"potentialAction\":[{\"@type\":\"SearchAction\",\"target\":{\"@type\":\"EntryPoint\",\"urlTemplate\":\"https:\\\/\\\/juergenkroder.com\\\/journalismus\\\/?s={search_term_string}\"},\"query-input\":{\"@type\":\"PropertyValueSpecification\",\"valueRequired\":true,\"valueName\":\"search_term_string\"}}],\"inLanguage\":\"de\"}]}<\/script>\n<!-- \/ Yoast SEO plugin. -->","yoast_head_json":{"title":"Kontakt - [ J\u00dcRGEN KRODER ]","robots":{"index":"index","follow":"follow","max-snippet":"max-snippet:-1","max-image-preview":"max-image-preview:large","max-video-preview":"max-video-preview:-1"},"canonical":"https:\/\/juergenkroder.com\/journalismus\/kontakt\/","og_locale":"de_DE","og_type":"article","og_title":"Kontakt - [ J\u00dcRGEN KRODER ]","og_description":"Haben Sie Interesse an meinen Leistungen als Fachautor f\u00fcr Digitalisierung, E-Commerce, Marketing und Start-ups? Kontaktieren Sie mich! Schreiben Sie mir eine Nachricht \u00fcber WhatsApp &#8230; &#8230;\u00a0 oder kontaktieren Sie mich \u00fcber dieses Formular: J\u00fcrgen Kroder Telefon: +49 178 533 79 36 juergenkroder[at]mail[dot]de","og_url":"https:\/\/juergenkroder.com\/journalismus\/kontakt\/","og_site_name":"[ J\u00dcRGEN KRODER ]","article_modified_time":"2022-07-07T12:33:37+00:00","twitter_card":"summary_large_image","twitter_misc":{"Gesch\u00e4tzte Lesezeit":"1\u00a0Minute"},"schema":{"@context":"https:\/\/schema.org","@graph":[{"@type":"WebPage","@id":"https:\/\/juergenkroder.com\/journalismus\/kontakt\/","url":"https:\/\/juergenkroder.com\/journalismus\/kontakt\/","name":"Kontakt - [ J\u00dcRGEN KRODER ]","isPartOf":{"@id":"https:\/\/juergenkroder.com\/journalismus\/#website"},"datePublished":"2019-07-04T06:24:14+00:00","dateModified":"2022-07-07T12:33:37+00:00","breadcrumb":{"@id":"https:\/\/juergenkroder.com\/journalismus\/kontakt\/#breadcrumb"},"inLanguage":"de","potentialAction":[{"@type":"ReadAction","target":["https:\/\/juergenkroder.com\/journalismus\/kontakt\/"]}]},{"@type":"BreadcrumbList","@id":"https:\/\/juergenkroder.com\/journalismus\/kontakt\/#breadcrumb","itemListElement":[{"@type":"ListItem","position":1,"name":"Startseite","item":"https:\/\/juergenkroder.com\/journalismus\/"},{"@type":"ListItem","position":2,"name":"Kontakt"}]},{"@type":"WebSite","@id":"https:\/\/juergenkroder.com\/journalismus\/#website","url":"https:\/\/juergenkroder.com\/journalismus\/","name":"[ J\u00dcRGEN KRODER ]","description":"Ihr Texter, Fachautor &amp; Journalist f\u00fcr Digitalisierung, IT, KI, Tech, Start-ups und Marketing","potentialAction":[{"@type":"SearchAction","target":{"@type":"EntryPoint","urlTemplate":"https:\/\/juergenkroder.com\/journalismus\/?s={search_term_string}"},"query-input":{"@type":"PropertyValueSpecification","valueRequired":true,"valueName":"search_term_string"}}],"inLanguage":"de"}]}},"jetpack_shortlink":"https:\/\/wp.me\/PcqtTx-2X","jetpack-related-posts":[{"id":130,"url":"https:\/\/juergenkroder.com\/journalismus\/","url_meta":{"origin":183,"position":0},"title":"Ich liebe KI. Ich liebe Marketing. Ich liebe StartUps.","author":"J\u00fcrgen Kroder","date":"25. Juni 2019","format":false,"excerpt":"SEO, GEO, KI, ML, NIS2, ISO27001 ... die Digitalisierung schreitet mit gro\u00dfen Schritten voran. Die Liste der Fachbegriffe wird t\u00e4glich l\u00e4nger. Aber verstehen die Menschen \u00fcberhaupt, worum es geht? Meine Profession als selbstst\u00e4ndiger und freier Fachautor \/ Texter \/ Ghostwriter \/ Journalist und Content-Marketing-Experte ist es, die modernen Schlagworte verst\u00e4ndlich\u2026","rel":"","context":"\u00c4hnlicher Beitrag","block_context":{"text":"\u00c4hnlicher Beitrag","link":""},"img":{"alt_text":"J\u00fcrgen Kroder - Fachautor, Texter, Content Marketing Experte, Ghostwriter, Buchautor, Journalist (Bild: Julia Essl)","src":"https:\/\/i0.wp.com\/juergenkroder.com\/journalismus\/wp-content\/uploads\/2022\/05\/juergen-kroder-profilfoto-1-e1652819412944.jpg?resize=350%2C200&ssl=1","width":350,"height":200,"srcset":"https:\/\/i0.wp.com\/juergenkroder.com\/journalismus\/wp-content\/uploads\/2022\/05\/juergen-kroder-profilfoto-1-e1652819412944.jpg?resize=350%2C200&ssl=1 1x, https:\/\/i0.wp.com\/juergenkroder.com\/journalismus\/wp-content\/uploads\/2022\/05\/juergen-kroder-profilfoto-1-e1652819412944.jpg?resize=525%2C300&ssl=1 1.5x, https:\/\/i0.wp.com\/juergenkroder.com\/journalismus\/wp-content\/uploads\/2022\/05\/juergen-kroder-profilfoto-1-e1652819412944.jpg?resize=700%2C400&ssl=1 2x"},"classes":[]},{"id":1606,"url":"https:\/\/juergenkroder.com\/journalismus\/kostenloses-whitepaper-firmenblogs\/","url_meta":{"origin":183,"position":1},"title":"Whitepaper: Firmenblogs &#8211; Grundlage, Strategie &#038; Umsetzung","author":"J\u00fcrgen Kroder","date":"23. September 2020","format":false,"excerpt":"Wie setzt man einen Firmenblog um? Was ist alles zu bedenken? Mein kostenloses Whitepaper erkl\u00e4rt die Grundlagen und gibt wichtige Tipps zur Strategie und Umsetzung. Inhalt des Whitepapers Was bringt ein Firmenblog? Ben\u00f6tigt dein Unternehmen das auch? Was hat das mit Marketing zu tun? Braucht ein Blog eine Strategie? Welche\u2026","rel":"","context":"\u00c4hnlicher Beitrag","block_context":{"text":"\u00c4hnlicher Beitrag","link":""},"img":{"alt_text":"","src":"https:\/\/i0.wp.com\/juergenkroder.com\/journalismus\/wp-content\/uploads\/2020\/09\/3d-cover-kl_tr.png?resize=350%2C200&ssl=1","width":350,"height":200},"classes":[]},{"id":1479,"url":"https:\/\/juergenkroder.com\/journalismus\/datenschutzerklaerung\/","url_meta":{"origin":183,"position":2},"title":"Datenschutzerkl\u00e4rung","author":"J\u00fcrgen Kroder","date":"15. August 2020","format":false,"excerpt":"1. Datenschutz auf einen Blick Allgemeine Hinweise Die folgenden Hinweise geben einen einfachen \u00dcberblick dar\u00fcber, was mit Ihren personenbezogenen Daten passiert, wenn Sie diese Website besuchen. Personenbezogene Daten sind alle Daten, mit denen Sie pers\u00f6nlich identifiziert werden k\u00f6nnen. Ausf\u00fchrliche Informationen zum Thema Datenschutz entnehmen Sie unserer unter diesem Text aufgef\u00fchrten\u2026","rel":"","context":"\u00c4hnlicher Beitrag","block_context":{"text":"\u00c4hnlicher Beitrag","link":""},"img":{"alt_text":"","src":"","width":0,"height":0},"classes":[]},{"id":1075,"url":"https:\/\/juergenkroder.com\/journalismus\/ueber-mich\/","url_meta":{"origin":183,"position":3},"title":"J\u00fcrgen Kroder: \u00dcber mich","author":"J\u00fcrgen Kroder","date":"12. Mai 2020","format":false,"excerpt":"Ich liebe Digitalisierung, K\u00fcnstliche Intelligenz, StartUps und Marketing! Deshalb unterst\u00fctze ich als Content-Marketing-Strategie-Berater Selbstst\u00e4ndige und Mittelst\u00e4ndler und betreibe die Seite StartUpWissen.biz. Zudem bin ich unter dem K\u00fcnstlernamen \"KI-K\u00e4nguru\" als KI-Dozent und KI-Redner t\u00e4tig. Erg\u00e4nzend schreibe ich als freier Fachautor f\u00fcr Unternehmen und bekannte Publikationen \u00fcber aktuelle IT-Themen. Weitere Facts \u00fcber\u2026","rel":"","context":"\u00c4hnlicher Beitrag","block_context":{"text":"\u00c4hnlicher Beitrag","link":""},"img":{"alt_text":"","src":"https:\/\/i0.wp.com\/juergenkroder.com\/journalismus\/wp-content\/uploads\/2024\/07\/jk-kundenlogos-2024.png?resize=350%2C200&ssl=1","width":350,"height":200,"srcset":"https:\/\/i0.wp.com\/juergenkroder.com\/journalismus\/wp-content\/uploads\/2024\/07\/jk-kundenlogos-2024.png?resize=350%2C200&ssl=1 1x, https:\/\/i0.wp.com\/juergenkroder.com\/journalismus\/wp-content\/uploads\/2024\/07\/jk-kundenlogos-2024.png?resize=525%2C300&ssl=1 1.5x, https:\/\/i0.wp.com\/juergenkroder.com\/journalismus\/wp-content\/uploads\/2024\/07\/jk-kundenlogos-2024.png?resize=700%2C400&ssl=1 2x"},"classes":[]},{"id":2,"url":"https:\/\/juergenkroder.com\/journalismus\/impressum\/","url_meta":{"origin":183,"position":4},"title":"Impressum","author":"J\u00fcrgen Kroder","date":"3. April 2017","format":false,"excerpt":"Diese Webseite\u00a0ist eine Internet-Publikation von: Angaben gem\u00e4\u00df \u00a7 5 TMG J\u00fcrgen Kroder Uwe-Beyer-Str. 42 55128 Mainz Deutschland USt-idNr. DE225 693 690 Vertreten durch J\u00fcrgen Kroder Kontakt Telefon: +49 178 533 79 36 juergenkroder@mail.de Verantwortliche i.S.d. \u00a7 18 Abs. 2 MStV J\u00fcrgen Kroder Uwe-Beyer-Str. 42 55128 Mainz Deutschland Haftung f\u00fcr Inhalte\u2026","rel":"","context":"\u00c4hnlicher Beitrag","block_context":{"text":"\u00c4hnlicher Beitrag","link":""},"img":{"alt_text":"","src":"","width":0,"height":0},"classes":[]},{"id":1931,"url":"https:\/\/juergenkroder.com\/journalismus\/gastauftritte\/","url_meta":{"origin":183,"position":5},"title":"Gastauftritte","author":"J\u00fcrgen Kroder","date":"22. November 2020","format":false,"excerpt":"\u00a0 [[ ChatGPT Shopping \/ AI Commerce\u00a0]] [[ KI-Trends 2026 f\u00fcr Unternehmer ]] [[ Marketing als Digitalisierungstreiber ]] [[ ChatGPT in Einzelhandel & Gewerbe ]] [[ Innovative Leistungen kommunizieren ]] [[ Online Vortrag: Wie funktioniert SEO? ]] [[ Jeder Strategien f\u00fcr Unternehmer\u00a0]] [[ Digitale Transformation \u00fcber Marketing ]] [[ Low-Budget-Marketing:\u2026","rel":"","context":"\u00c4hnlicher Beitrag","block_context":{"text":"\u00c4hnlicher Beitrag","link":""},"img":{"alt_text":"","src":"https:\/\/i0.wp.com\/juergenkroder.com\/journalismus\/wp-content\/uploads\/2023\/04\/Logo_1.png?resize=350%2C200&ssl=1","width":350,"height":200,"srcset":"https:\/\/i0.wp.com\/juergenkroder.com\/journalismus\/wp-content\/uploads\/2023\/04\/Logo_1.png?resize=350%2C200&ssl=1 1x, https:\/\/i0.wp.com\/juergenkroder.com\/journalismus\/wp-content\/uploads\/2023\/04\/Logo_1.png?resize=525%2C300&ssl=1 1.5x"},"classes":[]}],"jetpack_sharing_enabled":true,"_links":{"self":[{"href":"https:\/\/juergenkroder.com\/journalismus\/wp-json\/wp\/v2\/pages\/183","targetHints":{"allow":["GET"]}}],"collection":[{"href":"https:\/\/juergenkroder.com\/journalismus\/wp-json\/wp\/v2\/pages"}],"about":[{"href":"https:\/\/juergenkroder.com\/journalismus\/wp-json\/wp\/v2\/types\/page"}],"author":[{"embeddable":true,"href":"https:\/\/juergenkroder.com\/journalismus\/wp-json\/wp\/v2\/users\/1"}],"replies":[{"embeddable":true,"href":"https:\/\/juergenkroder.com\/journalismus\/wp-json\/wp\/v2\/comments?post=183"}],"version-history":[{"count":15,"href":"https:\/\/juergenkroder.com\/journalismus\/wp-json\/wp\/v2\/pages\/183\/revisions"}],"predecessor-version":[{"id":3224,"href":"https:\/\/juergenkroder.com\/journalismus\/wp-json\/wp\/v2\/pages\/183\/revisions\/3224"}],"wp:attachment":[{"href":"https:\/\/juergenkroder.com\/journalismus\/wp-json\/wp\/v2\/media?parent=183"}],"curies":[{"name":"wp","href":"https:\/\/api.w.org\/{rel}","templated":true}]}}