{"id":2,"date":"2017-04-03T11:29:45","date_gmt":"2017-04-03T11:29:45","guid":{"rendered":"http:\/\/juergenkroder.com\/journalismus?page_id=2"},"modified":"2026-01-15T12:18:36","modified_gmt":"2026-01-15T11:18:36","slug":"impressum","status":"publish","type":"page","link":"https:\/\/juergenkroder.com\/journalismus\/impressum\/","title":{"rendered":"Impressum"},"content":{"rendered":"<p>Diese Webseite\u00a0ist eine Internet-Publikation von:<\/p>\n<div class=\"entry-content\">\n<h2>Angaben gem\u00e4\u00df \u00a7 5 TMG<\/h2>\n<p>J\u00fcrgen Kroder<br \/>\nUwe-Beyer-Str. 42<br \/>\n55128 Mainz<br \/>\nDeutschland<br \/>\nUSt-idNr. DE225 693 690<\/p>\n<h2>Vertreten durch<\/h2>\n<p>J\u00fcrgen Kroder<\/p>\n<h2>Kontakt<\/h2>\n<p>Telefon: +49 178 533 79 36<br \/>\njuergenkroder@mail.de<\/p>\n\n\n<a href='https:\/\/web.whatsapp.com\/send?phone=491785337936&text=Hallo J\u00fcrgen! Ich habe da eine Frage...' target='_blank'><img decoding=\"async\" src=\"https:\/\/juergenkroder.com\/journalismus\/wp-content\/plugins\/quick-whatsapp\/images\/whatsapp-chat.jpg\" > <\/a>  \n\n\n<h2>Verantwortliche i.S.d. \u00a7 18 Abs. 2 MStV<\/h2>\n<p>J\u00fcrgen Kroder<br \/>\nUwe-Beyer-Str. 42<br \/>\n55128 Mainz<br \/>\nDeutschland<\/p>\n<div id=\"dmaker_preview\">\n<h2><strong>Haftung f\u00fcr Inhalte<\/strong><\/h2>\n<p>Die Inhalte unserer Seiten wurden mit gr\u00f6\u00dfter Sorgfalt erstellt. F\u00fcr die Richtigkeit, Vollst\u00e4ndigkeit und Aktualit\u00e4t der Inhalte k\u00f6nnen wir jedoch keine Gew\u00e4hr \u00fcbernehmen. Als Diensteanbieter sind wir gem\u00e4\u00df \u00a7 7 Abs.1 TMG f\u00fcr eigene Inhalte auf diesen Seiten nach den allgemeinen Gesetzen verantwortlich. Nach \u00a7\u00a7 8 bis 10 TMG sind wir als Diensteanbieter jedoch nicht verpflichtet, \u00fcbermittelte oder gespeicherte fremde Informationen zu \u00fcberwachen oder nach Umst\u00e4nden zu forschen, die auf eine rechtswidrige T\u00e4tigkeit hinweisen. Verpflichtungen zur Entfernung oder Sperrung der Nutzung von Informationen nach den allgemeinen Gesetzen bleiben hiervon unber\u00fchrt. Eine diesbez\u00fcgliche Haftung ist jedoch erst ab dem Zeitpunkt der Kenntnis einer konkreten Rechtsverletzung m\u00f6glich. Bei Bekanntwerden von entsprechenden Rechtsverletzungen werden wir diese Inhalte umgehend entfernen.<\/p>\n<p><strong>Haftung f\u00fcr Links<\/strong><\/p>\n<p>Unser Angebot enth\u00e4lt Links zu externen Webseiten Dritter, auf deren Inhalte wir keinen Einfluss haben. Deshalb k\u00f6nnen wir f\u00fcr diese fremden Inhalte auch keine Gew\u00e4hr \u00fcbernehmen. F\u00fcr die Inhalte der verlinkten Seiten ist stets der jeweilige Anbieter oder Betreiber der Seiten verantwortlich. Die verlinkten Seiten wurden zum Zeitpunkt der Verlinkung auf m\u00f6gliche Rechtsverst\u00f6\u00dfe \u00fcberpr\u00fcft. Rechtswidrige Inhalte waren zum Zeitpunkt der Verlinkung nicht erkennbar. Eine permanente inhaltliche Kontrolle der verlinkten Seiten ist jedoch ohne konkrete Anhaltspunkte einer Rechtsverletzung nicht zumutbar. Bei Bekanntwerden von Rechtsverletzungen werden wir derartige Links umgehend entfernen.<\/p>\n<p><strong>Urheberrecht<\/strong><\/p>\n<p>Die durch die Seitenbetreiber erstellten Inhalte und Werke auf diesen Seiten unterliegen dem deutschen Urheberrecht. Die Vervielf\u00e4ltigung, Bearbeitung, Verbreitung und jede Art der Verwertung au\u00dferhalb der Grenzen des Urheberrechtes bed\u00fcrfen der schriftlichen Zustimmung des jeweiligen Autors bzw. Erstellers. Downloads und Kopien dieser Seite sind nur f\u00fcr den privaten, nicht kommerziellen Gebrauch gestattet. Soweit die Inhalte auf dieser Seite nicht vom Betreiber erstellt wurden, werden die Urheberrechte Dritter beachtet. Insbesondere werden Inhalte Dritter als solche gekennzeichnet. Sollten Sie trotzdem auf eine Urheberrechtsverletzung aufmerksam werden, bitten wir um einen entsprechenden Hinweis. Bei Bekanntwerden von Rechtsverletzungen werden wir derartige Inhalte umgehend entfernen.<\/p>\n<p><strong>Datenschutz<\/strong><\/p>\n<p>Die Nutzung unserer Webseite ist in der Regel ohne Angabe personenbezogener Daten m\u00f6glich. Soweit auf unseren Seiten personenbezogene Daten (beispielsweise Name, Anschrift oder eMail-Adressen) erhoben werden, erfolgt dies, soweit m\u00f6glich, stets auf freiwilliger Basis. Diese Daten werden ohne Ihre ausdr\u00fcckliche Zustimmung nicht an Dritte weitergegeben.<\/p>\n<p>Wir weisen darauf hin, dass die Daten\u00fcbertragung im Internet (z.B. bei der Kommunikation per E-Mail) Sicherheitsl\u00fccken aufweisen kann. Ein l\u00fcckenloser Schutz der Daten vor dem Zugriff durch Dritte ist nicht m\u00f6glich.<\/p>\n<p>Der Nutzung von im Rahmen der Impressumspflicht ver\u00f6ffentlichten Kontaktdaten durch Dritte zur \u00dcbersendung von nicht ausdr\u00fccklich angeforderter Werbung und Informationsmaterialien wird hiermit ausdr\u00fccklich widersprochen. Die Betreiber der Seiten behalten sich ausdr\u00fccklich rechtliche Schritte im Falle der unverlangten Zusendung von Werbeinformationen, etwa durch Spam-Mails, vor.<\/p>\n<p><em>Quelle: <a href=\"http:\/\/www.e-recht24.de\/muster-disclaimer.htm\" target=\"_blank\" rel=\"noopener noreferrer\">eRecht24 Disclaimer<\/a><\/em><\/p>\n<\/div>\n<hr \/>\n<p><a href=\"https:\/\/juergenkroder.com\/journalismus\/datenschutzerklaerung\/\" target=\"_blank\" rel=\"noopener noreferrer\">DATENSCHUTZERKL\u00c4RUNG<\/a><\/p>\n<\/div>\n","protected":false},"excerpt":{"rendered":"<p>Diese Webseite\u00a0ist eine Internet-Publikation von: Angaben gem\u00e4\u00df \u00a7 5 TMG J\u00fcrgen Kroder Uwe-Beyer-Str. 42 55128 Mainz Deutschland USt-idNr. DE225 693 690 Vertreten durch J\u00fcrgen Kroder Kontakt Telefon: +49 178 533 79 36 juergenkroder@mail.de Verantwortliche i.S.d. \u00a7 18 Abs. 2 MStV J\u00fcrgen Kroder Uwe-Beyer-Str. 42 55128 Mainz Deutschland Haftung f\u00fcr Inhalte Die Inhalte unserer Seiten wurden &hellip; <a href=\"https:\/\/juergenkroder.com\/journalismus\/impressum\/\" class=\"more-link\">Continue reading<span class=\"screen-reader-text\"> &#8222;Impressum&#8220;<\/span><\/a><\/p>\n","protected":false},"author":1,"featured_media":0,"parent":0,"menu_order":0,"comment_status":"closed","ping_status":"open","template":"","meta":{"footnotes":"","_links_to":"","_links_to_target":""},"class_list":["post-2","page","type-page","status-publish","hentry","no-thumbnail"],"yoast_head":"<!-- This site is optimized with the Yoast SEO plugin v27.4 - https:\/\/yoast.com\/product\/yoast-seo-wordpress\/ -->\n<title>Impressum - [ J\u00dcRGEN KRODER ]<\/title>\n<meta name=\"robots\" content=\"index, follow, max-snippet:-1, max-image-preview:large, max-video-preview:-1\" \/>\n<link rel=\"canonical\" href=\"https:\/\/juergenkroder.com\/journalismus\/impressum\/\" \/>\n<meta property=\"og:locale\" content=\"de_DE\" \/>\n<meta property=\"og:type\" content=\"article\" \/>\n<meta property=\"og:title\" content=\"Impressum - [ J\u00dcRGEN KRODER ]\" \/>\n<meta property=\"og:description\" content=\"Diese Webseite\u00a0ist eine Internet-Publikation von: Angaben gem\u00e4\u00df \u00a7 5 TMG J\u00fcrgen Kroder Uwe-Beyer-Str. 42 55128 Mainz Deutschland USt-idNr. DE225 693 690 Vertreten durch J\u00fcrgen Kroder Kontakt Telefon: +49 178 533 79 36 juergenkroder@mail.de Verantwortliche i.S.d. \u00a7 18 Abs. 2 MStV J\u00fcrgen Kroder Uwe-Beyer-Str. 42 55128 Mainz Deutschland Haftung f\u00fcr Inhalte Die Inhalte unserer Seiten wurden &hellip; Continue reading &quot;Impressum&quot;\" \/>\n<meta property=\"og:url\" content=\"https:\/\/juergenkroder.com\/journalismus\/impressum\/\" \/>\n<meta property=\"og:site_name\" content=\"[ J\u00dcRGEN KRODER ]\" \/>\n<meta property=\"article:modified_time\" content=\"2026-01-15T11:18:36+00:00\" \/>\n<meta name=\"twitter:card\" content=\"summary_large_image\" \/>\n<meta name=\"twitter:label1\" content=\"Gesch\u00e4tzte Lesezeit\" \/>\n\t<meta name=\"twitter:data1\" content=\"3\u00a0Minuten\" \/>\n<script type=\"application\/ld+json\" class=\"yoast-schema-graph\">{\"@context\":\"https:\\\/\\\/schema.org\",\"@graph\":[{\"@type\":\"WebPage\",\"@id\":\"https:\\\/\\\/juergenkroder.com\\\/journalismus\\\/impressum\\\/\",\"url\":\"https:\\\/\\\/juergenkroder.com\\\/journalismus\\\/impressum\\\/\",\"name\":\"Impressum - [ J\u00dcRGEN KRODER ]\",\"isPartOf\":{\"@id\":\"https:\\\/\\\/juergenkroder.com\\\/journalismus\\\/#website\"},\"datePublished\":\"2017-04-03T11:29:45+00:00\",\"dateModified\":\"2026-01-15T11:18:36+00:00\",\"breadcrumb\":{\"@id\":\"https:\\\/\\\/juergenkroder.com\\\/journalismus\\\/impressum\\\/#breadcrumb\"},\"inLanguage\":\"de\",\"potentialAction\":[{\"@type\":\"ReadAction\",\"target\":[\"https:\\\/\\\/juergenkroder.com\\\/journalismus\\\/impressum\\\/\"]}]},{\"@type\":\"BreadcrumbList\",\"@id\":\"https:\\\/\\\/juergenkroder.com\\\/journalismus\\\/impressum\\\/#breadcrumb\",\"itemListElement\":[{\"@type\":\"ListItem\",\"position\":1,\"name\":\"Startseite\",\"item\":\"https:\\\/\\\/juergenkroder.com\\\/journalismus\\\/\"},{\"@type\":\"ListItem\",\"position\":2,\"name\":\"Impressum\"}]},{\"@type\":\"WebSite\",\"@id\":\"https:\\\/\\\/juergenkroder.com\\\/journalismus\\\/#website\",\"url\":\"https:\\\/\\\/juergenkroder.com\\\/journalismus\\\/\",\"name\":\"[ J\u00dcRGEN KRODER ]\",\"description\":\"Ihr Texter, Fachautor &amp; Journalist f\u00fcr Digitalisierung, IT, KI, Tech, Start-ups und Marketing\",\"potentialAction\":[{\"@type\":\"SearchAction\",\"target\":{\"@type\":\"EntryPoint\",\"urlTemplate\":\"https:\\\/\\\/juergenkroder.com\\\/journalismus\\\/?s={search_term_string}\"},\"query-input\":{\"@type\":\"PropertyValueSpecification\",\"valueRequired\":true,\"valueName\":\"search_term_string\"}}],\"inLanguage\":\"de\"}]}<\/script>\n<!-- \/ Yoast SEO plugin. -->","yoast_head_json":{"title":"Impressum - [ J\u00dcRGEN KRODER ]","robots":{"index":"index","follow":"follow","max-snippet":"max-snippet:-1","max-image-preview":"max-image-preview:large","max-video-preview":"max-video-preview:-1"},"canonical":"https:\/\/juergenkroder.com\/journalismus\/impressum\/","og_locale":"de_DE","og_type":"article","og_title":"Impressum - [ J\u00dcRGEN KRODER ]","og_description":"Diese Webseite\u00a0ist eine Internet-Publikation von: Angaben gem\u00e4\u00df \u00a7 5 TMG J\u00fcrgen Kroder Uwe-Beyer-Str. 42 55128 Mainz Deutschland USt-idNr. DE225 693 690 Vertreten durch J\u00fcrgen Kroder Kontakt Telefon: +49 178 533 79 36 juergenkroder@mail.de Verantwortliche i.S.d. \u00a7 18 Abs. 2 MStV J\u00fcrgen Kroder Uwe-Beyer-Str. 42 55128 Mainz Deutschland Haftung f\u00fcr Inhalte Die Inhalte unserer Seiten wurden &hellip; Continue reading \"Impressum\"","og_url":"https:\/\/juergenkroder.com\/journalismus\/impressum\/","og_site_name":"[ J\u00dcRGEN KRODER ]","article_modified_time":"2026-01-15T11:18:36+00:00","twitter_card":"summary_large_image","twitter_misc":{"Gesch\u00e4tzte Lesezeit":"3\u00a0Minuten"},"schema":{"@context":"https:\/\/schema.org","@graph":[{"@type":"WebPage","@id":"https:\/\/juergenkroder.com\/journalismus\/impressum\/","url":"https:\/\/juergenkroder.com\/journalismus\/impressum\/","name":"Impressum - [ J\u00dcRGEN KRODER ]","isPartOf":{"@id":"https:\/\/juergenkroder.com\/journalismus\/#website"},"datePublished":"2017-04-03T11:29:45+00:00","dateModified":"2026-01-15T11:18:36+00:00","breadcrumb":{"@id":"https:\/\/juergenkroder.com\/journalismus\/impressum\/#breadcrumb"},"inLanguage":"de","potentialAction":[{"@type":"ReadAction","target":["https:\/\/juergenkroder.com\/journalismus\/impressum\/"]}]},{"@type":"BreadcrumbList","@id":"https:\/\/juergenkroder.com\/journalismus\/impressum\/#breadcrumb","itemListElement":[{"@type":"ListItem","position":1,"name":"Startseite","item":"https:\/\/juergenkroder.com\/journalismus\/"},{"@type":"ListItem","position":2,"name":"Impressum"}]},{"@type":"WebSite","@id":"https:\/\/juergenkroder.com\/journalismus\/#website","url":"https:\/\/juergenkroder.com\/journalismus\/","name":"[ J\u00dcRGEN KRODER ]","description":"Ihr Texter, Fachautor &amp; Journalist f\u00fcr Digitalisierung, IT, KI, Tech, Start-ups und Marketing","potentialAction":[{"@type":"SearchAction","target":{"@type":"EntryPoint","urlTemplate":"https:\/\/juergenkroder.com\/journalismus\/?s={search_term_string}"},"query-input":{"@type":"PropertyValueSpecification","valueRequired":true,"valueName":"search_term_string"}}],"inLanguage":"de"}]}},"jetpack_shortlink":"https:\/\/wp.me\/PcqtTx-2","jetpack-related-posts":[{"id":1479,"url":"https:\/\/juergenkroder.com\/journalismus\/datenschutzerklaerung\/","url_meta":{"origin":2,"position":0},"title":"Datenschutzerkl\u00e4rung","author":"J\u00fcrgen Kroder","date":"15. August 2020","format":false,"excerpt":"1. Datenschutz auf einen Blick Allgemeine Hinweise Die folgenden Hinweise geben einen einfachen \u00dcberblick dar\u00fcber, was mit Ihren personenbezogenen Daten passiert, wenn Sie diese Website besuchen. Personenbezogene Daten sind alle Daten, mit denen Sie pers\u00f6nlich identifiziert werden k\u00f6nnen. Ausf\u00fchrliche Informationen zum Thema Datenschutz entnehmen Sie unserer unter diesem Text aufgef\u00fchrten\u2026","rel":"","context":"\u00c4hnlicher Beitrag","block_context":{"text":"\u00c4hnlicher Beitrag","link":""},"img":{"alt_text":"","src":"","width":0,"height":0},"classes":[]},{"id":1941,"url":"https:\/\/juergenkroder.com\/journalismus\/kostenlose-downloads\/","url_meta":{"origin":2,"position":1},"title":"Kostenlose Downloads","author":"J\u00fcrgen Kroder","date":"23. November 2020","format":false,"excerpt":"Gratis-Inhalte von mir, die jeder gerne herunterladen, nutzen und weiterverbreiten darf: > Vorlage: Briefing f\u00fcr Texter > eBook: Onlinemarketing f\u00fcr StartUps - Leseprobe > Whitepaper: Firmenblogs - Grundlage, Strategie & Umsetzung Weitere kostenlose Inhalte: > JK-Blog: Marketing, Digitalisierung & Unternehmertum > StartUpWissen Podcast: Interviews mit Entrepreneuren \u00a0","rel":"","context":"\u00c4hnlicher Beitrag","block_context":{"text":"\u00c4hnlicher Beitrag","link":""},"img":{"alt_text":"","src":"","width":0,"height":0},"classes":[]},{"id":1075,"url":"https:\/\/juergenkroder.com\/journalismus\/ueber-mich\/","url_meta":{"origin":2,"position":2},"title":"J\u00fcrgen Kroder: \u00dcber mich","author":"J\u00fcrgen Kroder","date":"12. Mai 2020","format":false,"excerpt":"Ich liebe Digitalisierung, K\u00fcnstliche Intelligenz, StartUps und Marketing! Deshalb unterst\u00fctze ich als Content-Marketing-Strategie-Berater Selbstst\u00e4ndige und Mittelst\u00e4ndler und betreibe die Seite StartUpWissen.biz. Zudem bin ich unter dem K\u00fcnstlernamen \"KI-K\u00e4nguru\" als KI-Dozent und KI-Redner t\u00e4tig. Erg\u00e4nzend schreibe ich als freier Fachautor f\u00fcr Unternehmen und bekannte Publikationen \u00fcber aktuelle IT-Themen. Weitere Facts \u00fcber\u2026","rel":"","context":"\u00c4hnlicher Beitrag","block_context":{"text":"\u00c4hnlicher Beitrag","link":""},"img":{"alt_text":"","src":"https:\/\/i0.wp.com\/juergenkroder.com\/journalismus\/wp-content\/uploads\/2024\/07\/jk-kundenlogos-2024.png?resize=350%2C200&ssl=1","width":350,"height":200,"srcset":"https:\/\/i0.wp.com\/juergenkroder.com\/journalismus\/wp-content\/uploads\/2024\/07\/jk-kundenlogos-2024.png?resize=350%2C200&ssl=1 1x, https:\/\/i0.wp.com\/juergenkroder.com\/journalismus\/wp-content\/uploads\/2024\/07\/jk-kundenlogos-2024.png?resize=525%2C300&ssl=1 1.5x, https:\/\/i0.wp.com\/juergenkroder.com\/journalismus\/wp-content\/uploads\/2024\/07\/jk-kundenlogos-2024.png?resize=700%2C400&ssl=1 2x"},"classes":[]},{"id":1606,"url":"https:\/\/juergenkroder.com\/journalismus\/kostenloses-whitepaper-firmenblogs\/","url_meta":{"origin":2,"position":3},"title":"Whitepaper: Firmenblogs &#8211; Grundlage, Strategie &#038; Umsetzung","author":"J\u00fcrgen Kroder","date":"23. September 2020","format":false,"excerpt":"Wie setzt man einen Firmenblog um? Was ist alles zu bedenken? Mein kostenloses Whitepaper erkl\u00e4rt die Grundlagen und gibt wichtige Tipps zur Strategie und Umsetzung. Inhalt des Whitepapers Was bringt ein Firmenblog? Ben\u00f6tigt dein Unternehmen das auch? Was hat das mit Marketing zu tun? Braucht ein Blog eine Strategie? Welche\u2026","rel":"","context":"\u00c4hnlicher Beitrag","block_context":{"text":"\u00c4hnlicher Beitrag","link":""},"img":{"alt_text":"","src":"https:\/\/i0.wp.com\/juergenkroder.com\/journalismus\/wp-content\/uploads\/2020\/09\/3d-cover-kl_tr.png?resize=350%2C200&ssl=1","width":350,"height":200},"classes":[]},{"id":130,"url":"https:\/\/juergenkroder.com\/journalismus\/","url_meta":{"origin":2,"position":4},"title":"Ich liebe KI. Ich liebe Marketing. Ich liebe StartUps.","author":"J\u00fcrgen Kroder","date":"25. Juni 2019","format":false,"excerpt":"SEO, GEO, KI, ML, NIS2, ISO27001 ... die Digitalisierung schreitet mit gro\u00dfen Schritten voran. Die Liste der Fachbegriffe wird t\u00e4glich l\u00e4nger. Aber verstehen die Menschen \u00fcberhaupt, worum es geht? Meine Profession als selbstst\u00e4ndiger und freier Fachautor \/ Texter \/ Ghostwriter \/ Journalist und Content-Marketing-Experte ist es, die modernen Schlagworte verst\u00e4ndlich\u2026","rel":"","context":"\u00c4hnlicher Beitrag","block_context":{"text":"\u00c4hnlicher Beitrag","link":""},"img":{"alt_text":"J\u00fcrgen Kroder - Fachautor, Texter, Content Marketing Experte, Ghostwriter, Buchautor, Journalist (Bild: Julia Essl)","src":"https:\/\/i0.wp.com\/juergenkroder.com\/journalismus\/wp-content\/uploads\/2022\/05\/juergen-kroder-profilfoto-1-e1652819412944.jpg?resize=350%2C200&ssl=1","width":350,"height":200,"srcset":"https:\/\/i0.wp.com\/juergenkroder.com\/journalismus\/wp-content\/uploads\/2022\/05\/juergen-kroder-profilfoto-1-e1652819412944.jpg?resize=350%2C200&ssl=1 1x, https:\/\/i0.wp.com\/juergenkroder.com\/journalismus\/wp-content\/uploads\/2022\/05\/juergen-kroder-profilfoto-1-e1652819412944.jpg?resize=525%2C300&ssl=1 1.5x, https:\/\/i0.wp.com\/juergenkroder.com\/journalismus\/wp-content\/uploads\/2022\/05\/juergen-kroder-profilfoto-1-e1652819412944.jpg?resize=700%2C400&ssl=1 2x"},"classes":[]},{"id":183,"url":"https:\/\/juergenkroder.com\/journalismus\/kontakt\/","url_meta":{"origin":2,"position":5},"title":"Kontakt","author":"J\u00fcrgen Kroder","date":"4. Juli 2019","format":false,"excerpt":"Haben Sie Interesse an meinen Leistungen als Fachautor f\u00fcr Digitalisierung, E-Commerce, Marketing und Start-ups? Kontaktieren Sie mich! Schreiben Sie mir eine Nachricht \u00fcber WhatsApp ... ...\u00a0 oder kontaktieren Sie mich \u00fcber dieses Formular: J\u00fcrgen Kroder Telefon: +49 178 533 79 36 juergenkroder[at]mail[dot]de","rel":"","context":"\u00c4hnlicher Beitrag","block_context":{"text":"\u00c4hnlicher Beitrag","link":""},"img":{"alt_text":"","src":"","width":0,"height":0},"classes":[]}],"jetpack_sharing_enabled":true,"_links":{"self":[{"href":"https:\/\/juergenkroder.com\/journalismus\/wp-json\/wp\/v2\/pages\/2","targetHints":{"allow":["GET"]}}],"collection":[{"href":"https:\/\/juergenkroder.com\/journalismus\/wp-json\/wp\/v2\/pages"}],"about":[{"href":"https:\/\/juergenkroder.com\/journalismus\/wp-json\/wp\/v2\/types\/page"}],"author":[{"embeddable":true,"href":"https:\/\/juergenkroder.com\/journalismus\/wp-json\/wp\/v2\/users\/1"}],"replies":[{"embeddable":true,"href":"https:\/\/juergenkroder.com\/journalismus\/wp-json\/wp\/v2\/comments?post=2"}],"version-history":[{"count":12,"href":"https:\/\/juergenkroder.com\/journalismus\/wp-json\/wp\/v2\/pages\/2\/revisions"}],"predecessor-version":[{"id":6760,"href":"https:\/\/juergenkroder.com\/journalismus\/wp-json\/wp\/v2\/pages\/2\/revisions\/6760"}],"wp:attachment":[{"href":"https:\/\/juergenkroder.com\/journalismus\/wp-json\/wp\/v2\/media?parent=2"}],"curies":[{"name":"wp","href":"https:\/\/api.w.org\/{rel}","templated":true}]}}